{"id":17,"date":"2019-11-05T13:19:50","date_gmt":"2019-11-05T12:19:50","guid":{"rendered":"http:\/\/netservice01.com\/a-propos\/"},"modified":"2022-03-23T00:07:06","modified_gmt":"2022-03-22T23:07:06","slug":"about-professional-cleaning-paysdegex","status":"publish","type":"page","link":"https:\/\/www.netservice01.com\/en\/about-professional-cleaning-paysdegex\/","title":{"rendered":"About"},"content":{"rendered":"","protected":false},"excerpt":{"rendered":"","protected":false},"author":3,"featured_media":0,"parent":0,"menu_order":0,"comment_status":"closed","ping_status":"closed","template":"templates\/about.php","meta":{"_acf_changed":false,"footnotes":""},"class_list":["post-17","page","type-page","status-publish","hentry"],"acf":[],"yoast_head":"<!-- This site is optimized with the Yoast SEO Premium plugin v15.6.2 - https:\/\/yoast.com\/wordpress\/plugins\/seo\/ -->\n<meta name=\"description\" content=\"Net Service: soci\u00e9t\u00e9 de nettoyage d\u00e9di\u00e9e aux entreprises et collectivit\u00e9s du Pays de Gex (Ferney-Voltaire, Saint Genis-Pouilly, Divonne les Bains).\" \/>\n<meta name=\"robots\" content=\"index, follow, max-snippet:-1, max-image-preview:large, max-video-preview:-1\" \/>\n<link rel=\"canonical\" href=\"https:\/\/www.netservice01.com\/en\/about-professional-cleaning-paysdegex\/\" \/>\n<meta property=\"og:locale\" content=\"en_US\" \/>\n<meta property=\"og:type\" content=\"article\" \/>\n<meta property=\"og:title\" content=\"NET SERVICE - Soci\u00e9t\u00e9 de nettoyage pour les professionnels - Ferney-Voltaire, Divonne, Saint Genis-Pouilly, Pays de Gex\" \/>\n<meta property=\"og:description\" content=\"Net Service: soci\u00e9t\u00e9 de nettoyage d\u00e9di\u00e9e aux entreprises et collectivit\u00e9s du Pays de Gex (Ferney-Voltaire, Saint Genis-Pouilly, Divonne les Bains).\" \/>\n<meta property=\"og:url\" content=\"https:\/\/www.netservice01.com\/en\/about-professional-cleaning-paysdegex\/\" \/>\n<meta property=\"og:site_name\" content=\"NET SERVICE - Soci\u00e9t\u00e9 de nettoyage pour les professionnels - Ferney-Voltaire, Divonne, Saint Genis-Pouilly, Pays de Gex\" \/>\n<meta property=\"article:modified_time\" content=\"2022-03-22T23:07:06+00:00\" \/>\n<meta property=\"og:image\" content=\"https:\/\/www.netservice01.com\/wp-content\/uploads\/2020\/05\/Open_Graph-e1628679539567.png\" \/>\n\t<meta property=\"og:image:width\" content=\"180\" \/>\n\t<meta property=\"og:image:height\" content=\"95\" \/>\n<meta name=\"twitter:card\" content=\"summary_large_image\" \/>\n<script type=\"application\/ld+json\" class=\"yoast-schema-graph\">{\"@context\":\"https:\/\/schema.org\",\"@graph\":[{\"@type\":\"Organization\",\"@id\":\"https:\/\/www.netservice01.com\/#organization\",\"name\":\"Net Service\",\"url\":\"https:\/\/www.netservice01.com\/\",\"sameAs\":[],\"logo\":{\"@type\":\"ImageObject\",\"@id\":\"https:\/\/www.netservice01.com\/#logo\",\"inLanguage\":\"en-US\",\"url\":\"https:\/\/www.netservice01.com\/wp-content\/uploads\/2020\/05\/Open_Graph-e1628679539567.png\",\"width\":180,\"height\":95,\"caption\":\"Net Service\"},\"image\":{\"@id\":\"https:\/\/www.netservice01.com\/#logo\"}},{\"@type\":\"WebSite\",\"@id\":\"https:\/\/www.netservice01.com\/#website\",\"url\":\"https:\/\/www.netservice01.com\/\",\"name\":\"NET SERVICE - Soci\\u00e9t\\u00e9 de nettoyage pour les professionnels - Ferney-Voltaire, Divonne, Saint Genis-Pouilly, Pays de Gex\",\"description\":\"Entreprise de nettoyage. 30 ans d&#039;exp\\u00e9rience. Services d\\u2019entretiens personnalis\\u00e9s pour les professionnels. Nettoyage de copropri\\u00e9t\\u00e9s, \\u00e9tablissements publics, bureaux, surfaces commerciales, remplacement de personnel, entretien des sols, conteneurs poubelles, remise en \\u00e9tat, vitrerie.\",\"publisher\":{\"@id\":\"https:\/\/www.netservice01.com\/#organization\"},\"potentialAction\":[{\"@type\":\"SearchAction\",\"target\":\"https:\/\/www.netservice01.com\/?s={search_term_string}\",\"query-input\":\"required name=search_term_string\"}],\"inLanguage\":\"en-US\"},{\"@type\":\"WebPage\",\"@id\":\"https:\/\/www.netservice01.com\/en\/about-professional-cleaning-paysdegex\/#webpage\",\"url\":\"https:\/\/www.netservice01.com\/en\/about-professional-cleaning-paysdegex\/\",\"name\":\"NET SERVICE - Soci\\u00e9t\\u00e9 de nettoyage pour les professionnels - Ferney-Voltaire, Divonne, Saint Genis-Pouilly, Pays de Gex\",\"isPartOf\":{\"@id\":\"https:\/\/www.netservice01.com\/#website\"},\"datePublished\":\"2019-11-05T12:19:50+00:00\",\"dateModified\":\"2022-03-22T23:07:06+00:00\",\"description\":\"Net Service: soci\\u00e9t\\u00e9 de nettoyage d\\u00e9di\\u00e9e aux entreprises et collectivit\\u00e9s du Pays de Gex (Ferney-Voltaire, Saint Genis-Pouilly, Divonne les Bains).\",\"inLanguage\":\"en-US\",\"potentialAction\":[{\"@type\":\"ReadAction\",\"target\":[\"https:\/\/www.netservice01.com\/en\/about-professional-cleaning-paysdegex\/\"]}]}]}<\/script>\n<!-- \/ Yoast SEO Premium plugin. -->","_links":{"self":[{"href":"https:\/\/www.netservice01.com\/en\/wp-json\/wp\/v2\/pages\/17","targetHints":{"allow":["GET"]}}],"collection":[{"href":"https:\/\/www.netservice01.com\/en\/wp-json\/wp\/v2\/pages"}],"about":[{"href":"https:\/\/www.netservice01.com\/en\/wp-json\/wp\/v2\/types\/page"}],"author":[{"embeddable":true,"href":"https:\/\/www.netservice01.com\/en\/wp-json\/wp\/v2\/users\/3"}],"replies":[{"embeddable":true,"href":"https:\/\/www.netservice01.com\/en\/wp-json\/wp\/v2\/comments?post=17"}],"version-history":[{"count":5,"href":"https:\/\/www.netservice01.com\/en\/wp-json\/wp\/v2\/pages\/17\/revisions"}],"predecessor-version":[{"id":1361,"href":"https:\/\/www.netservice01.com\/en\/wp-json\/wp\/v2\/pages\/17\/revisions\/1361"}],"wp:attachment":[{"href":"https:\/\/www.netservice01.com\/en\/wp-json\/wp\/v2\/media?parent=17"}],"curies":[{"name":"wp","href":"https:\/\/api.w.org\/{rel}","templated":true}]}}